{"id":74985,"date":"2015-10-13T20:14:18","date_gmt":"2015-10-13T20:14:18","guid":{"rendered":"http:\/\/calls.fdkaccounting.com\/fr\/bookkeeping\/"},"modified":"2021-04-06T17:12:54","modified_gmt":"2021-04-06T17:12:54","slug":"tenues-livres","status":"publish","type":"page","link":"https:\/\/fdkaccounting.com\/fr\/nos-services\/tenues-livres\/","title":{"rendered":"Tenue de livres"},"content":{"rendered":"[vc_row background_image=&#8221;https:\/\/fdkaccounting.com\/wp-content\/uploads\/2015\/03\/heading.png&#8221; css=&#8221;.vc_custom_1450913746116{margin-top: -25px !important;margin-bottom: 50px !important;padding-top: 100px !important;padding-bottom: 100px !important;}&#8221;][vc_column][vc_custom_heading text=&#8221;Tenue de livres&#8221; font_container=&#8221;tag:h1|font_size:28|text_align:left|color:%23ffffff&#8221; el_class=&#8221;heading-title-3&#8243;][\/vc_column][\/vc_row][vc_row css=&#8221;.vc_custom_1432547512827{margin-bottom: 50px !important;}&#8221;][vc_column width=&#8221;3\/4&#8243;][vc_column_text css=&#8221;.vc_custom_1451859252269{margin-bottom: 30px !important;}&#8221;]\n<p>Une bonne tenue de livres est la fondation de toute entreprise rentable. Un syst\u00e8me de tenue de livres faible est comme une maison b\u00e2tie sur des fondations branlantes fissur\u00e9e. Vous ne savez jamais quand elle va s&#8217;\u00e9croul\u00e9. Nous comptons plusieurs excellents teneurs de livres dans notre personnel. Nos teneurs de livres font plus que des saisies de donn\u00e9es, ils sont des comptables biens form\u00e9s. Ils metteront en place les \u00e9tats financiers, pr\u00e9pareront des d\u00e9clarations d\u2018imp\u00f4ts, et seront \u00e0 jour avec tous les rapports du gouvernement.<\/p>\n[\/vc_column_text][vc_row_inner el_class=&#8221;core-values&#8221;][vc_column_inner width=&#8221;1\/2&#8243;][vc_column_text css=&#8221;.vc_custom_1450038861456{margin-bottom: 30px !important;}&#8221;]\n<h4>Pr\u00e9paration du rapport TPS \/ TVQ<\/h4>\n<p>Peu importe la fr\u00e9quence de vos d\u00e9clarations, si vous faites les d\u00e9p\u00f4ts mensuels, trimestrielles, annuels, ou si vous utilisez la m\u00e9thode rapide, notre \u00e9quipe peut g\u00e9rer tous les aspects de la pr\u00e9paration des rapports de la TPS et de la TVQ. Bien s\u00fbr, la plupart des rapports se font \u00e9lectroniquement pour \u00eatre plus efficace. Les d\u00e9lais sont toujours respect\u00e9s, \u00e9vitant ainsi des p\u00e9nalit\u00e9s co\u00fbteuses et des frais d&#8217;int\u00e9r\u00eat.[\/vc_column_text][vc_column_text css=&#8221;.vc_custom_1450038846554{margin-bottom: 30px !important;}&#8221;]\n<h4>Automatisation de la paie et assistance technique:<\/h4>\n<p>La pr\u00e9paration de la paie peut \u00eatre un v\u00e9ritable cauchemar. Elle est m\u00e9ticuleuse, interminable et cause des maux de t\u00eate \u00e0 tout le monde! Eh bien, fini pour vous ce mal de t\u00eate! Nous avons une entente avec un service de paie national pour automatiser ce processus. Par ailleurs, les clients de FDK b\u00e9n\u00e9ficient de tarifs sp\u00e9ciaux. Avec les d\u00e9p\u00f4ts directs effectu\u00e9s pour le gouvernement et les d\u00e9p\u00f4ts directs vers\u00e9s aux employ\u00e9s, le processus est maintenant sans aucun probl\u00e8me.[\/vc_column_text][vc_column_text css=&#8221;.vc_custom_1450038885070{margin-bottom: 30px !important;}&#8221;]\n<h4>Choix de logiciels:<\/h4>\n<p>Il y a beaucoup d&#8217;options de logiciels de comptabilit\u00e9 tels que: Quick books, Simply Accounting, MYOB. Notre personnel et nos comptables ind\u00e9pendants vous aideront \u00e0 choisir la meilleure solution pour r\u00e9pondre aux besoins de votre entreprise.[\/vc_column_text][vc_column_text css=&#8221;.vc_custom_1450038949254{margin-bottom: 30px !important;}&#8221;]\n<h4>Teneurs de livres ind\u00e9pendants:<\/h4>\n<p style=\"background: white;\">Pourquoi embaucher un comptable ind\u00e9pendant \u00e0 temps plein pour travailler pour vous quand vous pouvez payer pour seulement ce qu&#8217;il vous faut? La plupart des petites entreprises ont seulement besoin de comptabilit\u00e9 sur une base mensuelle. Elles n\u2019ont pas besoin de payer pour une personne \u00e0 temps plein si une fois ou deux fois par mois suffit.<\/p>\n[\/vc_column_text][\/vc_column_inner][vc_column_inner width=&#8221;1\/2&#8243;][vc_single_image image=&#8221;75111&#8243; img_size=&#8221;full&#8221;][\/vc_column_inner][\/vc_row_inner][\/vc_column][vc_column width=&#8221;1\/4&#8243;][vc_empty_space][vc_column_text]\n<h4 class=\"widget-text\">LIENS UTILES<\/h4>\n<p><a class=\"download\" href=\"http:\/\/www.sage.com\/ca\/fr\/sage-50-comptabilite\" target=\"_blank\" rel=\"noopener\">Sage 50 logiciel<\/a><br \/>\n<a class=\"download\" href=\"http:\/\/quickbooksenligne.intuit.ca\/logiciels-comptabilite-en-ligne\/index.jsp\" target=\"_blank\" rel=\"noopener\">Intuit Quickbooks<\/a>[\/vc_column_text][\/vc_column][\/vc_row]\n","protected":false},"excerpt":{"rendered":"<p>[vc_row background_image=&#8221;https:\/\/fdkaccounting.com\/wp-content\/uploads\/2015\/03\/heading.png&#8221; css=&#8221;.vc_custom_1450913746116{margin-top: -25px !important;margin-bottom: 50px !important;padding-top: 100px !important;padding-bottom: 100px !important;}&#8221;][vc_column][vc_custom_heading text=&#8221;Tenue de livres&#8221; font_container=&#8221;tag:h1|font_size:28|text_align:left|color:%23ffffff&#8221; el_class=&#8221;heading-title-3&#8243;][\/vc_column][\/vc_row][vc_row css=&#8221;.vc_custom_1432547512827{margin-bottom: 50px !important;}&#8221;][vc_column width=&#8221;3\/4&#8243;][vc_column_text css=&#8221;.vc_custom_1451859252269{margin-bottom: 30px !important;}&#8221;] Une bonne tenue de livres est la fondation de toute entreprise rentable. Un syst\u00e8me de tenue de livres faible est comme une maison b\u00e2tie sur des fondations branlantes fissur\u00e9e. Vous ne savez [&hellip;]<\/p>\n","protected":false},"author":8,"featured_media":0,"parent":74976,"menu_order":0,"comment_status":"closed","ping_status":"closed","template":"","meta":{"footnotes":""},"class_list":["post-74985","page","type-page","status-publish","hentry"],"yoast_head":"<!-- This site is optimized with the Yoast SEO plugin v27.5 - https:\/\/yoast.com\/product\/yoast-seo-wordpress\/ -->\n<title>Tenue de Livres Montreal, CPA Quebec Accountant | Feldhammer Dixon Kwo Inc.<\/title>\n<meta name=\"description\" content=\"Tenue de Livres Montreal, Tenue de livres &amp; comptabilit\u00e9: tenue comptable de entreprise.La tenue de livres requiert beaucoup de polyvalence.\" \/>\n<meta name=\"robots\" content=\"index, follow, max-snippet:-1, max-image-preview:large, max-video-preview:-1\" \/>\n<link rel=\"canonical\" href=\"https:\/\/fdkaccounting.com\/fr\/nos-services\/tenues-livres\/\" \/>\n<meta property=\"og:locale\" content=\"fr_FR\" \/>\n<meta property=\"og:type\" content=\"article\" \/>\n<meta property=\"og:title\" content=\"Tenue de Livres Montreal, CPA Quebec Accountant | Feldhammer Dixon Kwo Inc.\" \/>\n<meta property=\"og:description\" content=\"Tenue de Livres Montreal, Tenue de livres &amp; comptabilit\u00e9: tenue comptable de entreprise.La tenue de livres requiert beaucoup de polyvalence.\" \/>\n<meta property=\"og:url\" content=\"https:\/\/fdkaccounting.com\/fr\/nos-services\/tenues-livres\/\" \/>\n<meta property=\"og:site_name\" content=\"Feldhammer Dixon Kwo Inc.\" \/>\n<meta property=\"article:modified_time\" content=\"2021-04-06T17:12:54+00:00\" \/>\n<meta name=\"twitter:card\" content=\"summary_large_image\" \/>\n<meta name=\"twitter:label1\" content=\"Est. reading time\" \/>\n\t<meta name=\"twitter:data1\" content=\"3 minutes\" \/>\n<script type=\"application\/ld+json\" class=\"yoast-schema-graph\">{\"@context\":\"https:\\\/\\\/schema.org\",\"@graph\":[{\"@type\":\"WebPage\",\"@id\":\"https:\\\/\\\/fdkaccounting.com\\\/fr\\\/nos-services\\\/tenues-livres\\\/\",\"url\":\"https:\\\/\\\/fdkaccounting.com\\\/fr\\\/nos-services\\\/tenues-livres\\\/\",\"name\":\"Tenue de Livres Montreal, CPA Quebec Accountant | Feldhammer Dixon Kwo Inc.\",\"isPartOf\":{\"@id\":\"https:\\\/\\\/fdkaccounting.com\\\/#website\"},\"datePublished\":\"2015-10-13T20:14:18+00:00\",\"dateModified\":\"2021-04-06T17:12:54+00:00\",\"description\":\"Tenue de Livres Montreal, Tenue de livres & comptabilit\u00e9: tenue comptable de entreprise.La tenue de livres requiert beaucoup de polyvalence.\",\"breadcrumb\":{\"@id\":\"https:\\\/\\\/fdkaccounting.com\\\/fr\\\/nos-services\\\/tenues-livres\\\/#breadcrumb\"},\"inLanguage\":\"fr-FR\",\"potentialAction\":[{\"@type\":\"ReadAction\",\"target\":[\"https:\\\/\\\/fdkaccounting.com\\\/fr\\\/nos-services\\\/tenues-livres\\\/\"]}]},{\"@type\":\"BreadcrumbList\",\"@id\":\"https:\\\/\\\/fdkaccounting.com\\\/fr\\\/nos-services\\\/tenues-livres\\\/#breadcrumb\",\"itemListElement\":[{\"@type\":\"ListItem\",\"position\":1,\"name\":\"Home\",\"item\":\"https:\\\/\\\/fdkaccounting.com\\\/fr\\\/\"},{\"@type\":\"ListItem\",\"position\":2,\"name\":\"Nos services\",\"item\":\"https:\\\/\\\/fdkaccounting.com\\\/fr\\\/nos-services\\\/\"},{\"@type\":\"ListItem\",\"position\":3,\"name\":\"Tenue de livres\"}]},{\"@type\":\"WebSite\",\"@id\":\"https:\\\/\\\/fdkaccounting.com\\\/#website\",\"url\":\"https:\\\/\\\/fdkaccounting.com\\\/\",\"name\":\"Feldhammer Dixon Kwo Inc.\",\"description\":\"Montreal Chartered Professional Accountants\",\"publisher\":{\"@id\":\"https:\\\/\\\/fdkaccounting.com\\\/#organization\"},\"potentialAction\":[{\"@type\":\"SearchAction\",\"target\":{\"@type\":\"EntryPoint\",\"urlTemplate\":\"https:\\\/\\\/fdkaccounting.com\\\/?s={search_term_string}\"},\"query-input\":{\"@type\":\"PropertyValueSpecification\",\"valueRequired\":true,\"valueName\":\"search_term_string\"}}],\"inLanguage\":\"fr-FR\"},{\"@type\":\"Organization\",\"@id\":\"https:\\\/\\\/fdkaccounting.com\\\/#organization\",\"name\":\"Feldhammer Dixon Kwo Inc.\",\"url\":\"https:\\\/\\\/fdkaccounting.com\\\/\",\"logo\":{\"@type\":\"ImageObject\",\"inLanguage\":\"fr-FR\",\"@id\":\"https:\\\/\\\/fdkaccounting.com\\\/#\\\/schema\\\/logo\\\/image\\\/\",\"url\":\"https:\\\/\\\/fdkaccounting.com\\\/wp-content\\\/uploads\\\/2015\\\/11\\\/FDK-logo.png\",\"contentUrl\":\"https:\\\/\\\/fdkaccounting.com\\\/wp-content\\\/uploads\\\/2015\\\/11\\\/FDK-logo.png\",\"width\":1120,\"height\":303,\"caption\":\"Feldhammer Dixon Kwo Inc.\"},\"image\":{\"@id\":\"https:\\\/\\\/fdkaccounting.com\\\/#\\\/schema\\\/logo\\\/image\\\/\"}}]}<\/script>\n<!-- \/ Yoast SEO plugin. -->","yoast_head_json":{"title":"Tenue de Livres Montreal, CPA Quebec Accountant | Feldhammer Dixon Kwo Inc.","description":"Tenue de Livres Montreal, Tenue de livres & comptabilit\u00e9: tenue comptable de entreprise.La tenue de livres requiert beaucoup de polyvalence.","robots":{"index":"index","follow":"follow","max-snippet":"max-snippet:-1","max-image-preview":"max-image-preview:large","max-video-preview":"max-video-preview:-1"},"canonical":"https:\/\/fdkaccounting.com\/fr\/nos-services\/tenues-livres\/","og_locale":"fr_FR","og_type":"article","og_title":"Tenue de Livres Montreal, CPA Quebec Accountant | Feldhammer Dixon Kwo Inc.","og_description":"Tenue de Livres Montreal, Tenue de livres & comptabilit\u00e9: tenue comptable de entreprise.La tenue de livres requiert beaucoup de polyvalence.","og_url":"https:\/\/fdkaccounting.com\/fr\/nos-services\/tenues-livres\/","og_site_name":"Feldhammer Dixon Kwo Inc.","article_modified_time":"2021-04-06T17:12:54+00:00","twitter_card":"summary_large_image","twitter_misc":{"Est. reading time":"3 minutes"},"schema":{"@context":"https:\/\/schema.org","@graph":[{"@type":"WebPage","@id":"https:\/\/fdkaccounting.com\/fr\/nos-services\/tenues-livres\/","url":"https:\/\/fdkaccounting.com\/fr\/nos-services\/tenues-livres\/","name":"Tenue de Livres Montreal, CPA Quebec Accountant | Feldhammer Dixon Kwo Inc.","isPartOf":{"@id":"https:\/\/fdkaccounting.com\/#website"},"datePublished":"2015-10-13T20:14:18+00:00","dateModified":"2021-04-06T17:12:54+00:00","description":"Tenue de Livres Montreal, Tenue de livres & comptabilit\u00e9: tenue comptable de entreprise.La tenue de livres requiert beaucoup de polyvalence.","breadcrumb":{"@id":"https:\/\/fdkaccounting.com\/fr\/nos-services\/tenues-livres\/#breadcrumb"},"inLanguage":"fr-FR","potentialAction":[{"@type":"ReadAction","target":["https:\/\/fdkaccounting.com\/fr\/nos-services\/tenues-livres\/"]}]},{"@type":"BreadcrumbList","@id":"https:\/\/fdkaccounting.com\/fr\/nos-services\/tenues-livres\/#breadcrumb","itemListElement":[{"@type":"ListItem","position":1,"name":"Home","item":"https:\/\/fdkaccounting.com\/fr\/"},{"@type":"ListItem","position":2,"name":"Nos services","item":"https:\/\/fdkaccounting.com\/fr\/nos-services\/"},{"@type":"ListItem","position":3,"name":"Tenue de livres"}]},{"@type":"WebSite","@id":"https:\/\/fdkaccounting.com\/#website","url":"https:\/\/fdkaccounting.com\/","name":"Feldhammer Dixon Kwo Inc.","description":"Montreal Chartered Professional Accountants","publisher":{"@id":"https:\/\/fdkaccounting.com\/#organization"},"potentialAction":[{"@type":"SearchAction","target":{"@type":"EntryPoint","urlTemplate":"https:\/\/fdkaccounting.com\/?s={search_term_string}"},"query-input":{"@type":"PropertyValueSpecification","valueRequired":true,"valueName":"search_term_string"}}],"inLanguage":"fr-FR"},{"@type":"Organization","@id":"https:\/\/fdkaccounting.com\/#organization","name":"Feldhammer Dixon Kwo Inc.","url":"https:\/\/fdkaccounting.com\/","logo":{"@type":"ImageObject","inLanguage":"fr-FR","@id":"https:\/\/fdkaccounting.com\/#\/schema\/logo\/image\/","url":"https:\/\/fdkaccounting.com\/wp-content\/uploads\/2015\/11\/FDK-logo.png","contentUrl":"https:\/\/fdkaccounting.com\/wp-content\/uploads\/2015\/11\/FDK-logo.png","width":1120,"height":303,"caption":"Feldhammer Dixon Kwo Inc."},"image":{"@id":"https:\/\/fdkaccounting.com\/#\/schema\/logo\/image\/"}}]}},"_links":{"self":[{"href":"https:\/\/fdkaccounting.com\/fr\/wp-json\/wp\/v2\/pages\/74985","targetHints":{"allow":["GET"]}}],"collection":[{"href":"https:\/\/fdkaccounting.com\/fr\/wp-json\/wp\/v2\/pages"}],"about":[{"href":"https:\/\/fdkaccounting.com\/fr\/wp-json\/wp\/v2\/types\/page"}],"author":[{"embeddable":true,"href":"https:\/\/fdkaccounting.com\/fr\/wp-json\/wp\/v2\/users\/8"}],"replies":[{"embeddable":true,"href":"https:\/\/fdkaccounting.com\/fr\/wp-json\/wp\/v2\/comments?post=74985"}],"version-history":[{"count":0,"href":"https:\/\/fdkaccounting.com\/fr\/wp-json\/wp\/v2\/pages\/74985\/revisions"}],"up":[{"embeddable":true,"href":"https:\/\/fdkaccounting.com\/fr\/wp-json\/wp\/v2\/pages\/74976"}],"wp:attachment":[{"href":"https:\/\/fdkaccounting.com\/fr\/wp-json\/wp\/v2\/media?parent=74985"}],"curies":[{"name":"wp","href":"https:\/\/api.w.org\/{rel}","templated":true}]}}